{"id":2,"date":"2023-09-11T18:04:41","date_gmt":"2023-09-11T18:04:41","guid":{"rendered":"http:\/\/cab-ron.com\/?page_id=2"},"modified":"2023-09-27T11:36:39","modified_gmt":"2023-09-27T11:36:39","slug":"home","status":"publish","type":"page","link":"https:\/\/cab-ron.com\/en\/","title":{"rendered":"CAB-RON en"},"content":{"rendered":"<h3>Caribbean And Barbados Ron en<\/h3>\n\n\n\n<blockquote class=\"wp-block-quote is-style-default\"><p>Siempre s\u00e9 t\u00fa mismo, a menos que puedas ser un pirata<\/p><\/blockquote>\n\n\n\n<p>El descaro de beberse el mundo.<br>La osad\u00eda de ser uno mismo.<br>CAB-RON es una actitud, una forma de entender la vida: la de aquellos que arriesgan lo cierto por lo incierto para ir detr\u00e1s de un sue\u00f1o.<br>Un car\u00e1cter ind\u00f3mito, el lujo de ser uno mismo.<br>Escapar de los convencionalismos y lo pol\u00edticamente correcto.<br>El esp\u00edritu de aquellos que superan los l\u00edmites de lo conocido por esa sed de nuevas sensaciones.<br>Los que se atreven a luchar por un mundo mejor, siguiendo su propio camino.<br><\/p>","protected":false},"excerpt":{"rendered":"<p>Caribbean And Barbados Ron en Siempre s\u00e9 t\u00fa mismo, a menos que puedas ser un pirata El descaro de beberse el mundo.La osad\u00eda de ser uno mismo.CAB-RON es una actitud, una forma de entender la vida: la de aquellos que arriesgan lo cierto por lo incierto para ir detr\u00e1s de un sue\u00f1o.Un car\u00e1cter ind\u00f3mito, el&hellip; <a class=\"more-link\" href=\"https:\/\/cab-ron.com\/en\/\">Continue reading <span class=\"screen-reader-text\">CAB-RON en<\/span><\/a><\/p>\n","protected":false},"author":1,"featured_media":0,"parent":0,"menu_order":0,"comment_status":"closed","ping_status":"open","template":"","meta":[],"_links":{"self":[{"href":"https:\/\/cab-ron.com\/en\/wp-json\/wp\/v2\/pages\/2"}],"collection":[{"href":"https:\/\/cab-ron.com\/en\/wp-json\/wp\/v2\/pages"}],"about":[{"href":"https:\/\/cab-ron.com\/en\/wp-json\/wp\/v2\/types\/page"}],"author":[{"embeddable":true,"href":"https:\/\/cab-ron.com\/en\/wp-json\/wp\/v2\/users\/1"}],"replies":[{"embeddable":true,"href":"https:\/\/cab-ron.com\/en\/wp-json\/wp\/v2\/comments?post=2"}],"version-history":[{"count":21,"href":"https:\/\/cab-ron.com\/en\/wp-json\/wp\/v2\/pages\/2\/revisions"}],"predecessor-version":[{"id":247,"href":"https:\/\/cab-ron.com\/en\/wp-json\/wp\/v2\/pages\/2\/revisions\/247"}],"wp:attachment":[{"href":"https:\/\/cab-ron.com\/en\/wp-json\/wp\/v2\/media?parent=2"}],"curies":[{"name":"wp","href":"https:\/\/api.w.org\/{rel}","templated":true}]}}