{"id":179,"date":"2023-09-25T21:26:03","date_gmt":"2023-09-25T21:26:03","guid":{"rendered":"https:\/\/cab-ron.com\/?page_id=179"},"modified":"2023-09-27T11:56:17","modified_gmt":"2023-09-27T11:56:17","slug":"nota-de-cata","status":"publish","type":"page","link":"https:\/\/cab-ron.com\/en\/nota-de-cata\/","title":{"rendered":"NOTA DE CATA"},"content":{"rendered":"<h4>Oloroso + Bourbon + Pedro Xim\u00e9nez, Triple Oak sherry Cask Finished en<\/h4>\n\n\n\n<p>Exclusivos aromas surgidos de la conjunci\u00f3n del roble y del vino de Jerez definen la personalidad de CAB-RON.&nbsp;<\/p>\n\n\n\n<p>Con seductoras notas a especias frescas, sobre el fondo desfila un<br>despliegue de frutos secos que devienen en cuero y hoja de tabaco.<br>En boca es seco y sabroso, de paso firme y bien estructurado, con un final inesperado.<\/p>\n\n\n\n<blockquote class=\"wp-block-quote\"><p>Siempre s\u00e9 t\u00fa mismo. A menos que puedas ser un pirata. Entonces s\u00e9 siempre un pirata. Porque a los piratas les va mejor<\/p><cite>Captain Jack Sparrow<\/cite><\/blockquote>","protected":false},"excerpt":{"rendered":"<p>Oloroso + Bourbon + Pedro Xim\u00e9nez, Triple Oak sherry Cask Finished en Exclusivos aromas surgidos de la conjunci\u00f3n del roble y del vino de Jerez definen la personalidad de CAB-RON.&nbsp; Con seductoras notas a especias frescas, sobre el fondo desfila undespliegue de frutos secos que devienen en cuero y hoja de tabaco.En boca es seco&hellip; <a class=\"more-link\" href=\"https:\/\/cab-ron.com\/en\/nota-de-cata\/\">Continue reading <span class=\"screen-reader-text\">NOTA DE CATA<\/span><\/a><\/p>\n","protected":false},"author":1,"featured_media":0,"parent":0,"menu_order":0,"comment_status":"closed","ping_status":"closed","template":"","meta":[],"_links":{"self":[{"href":"https:\/\/cab-ron.com\/en\/wp-json\/wp\/v2\/pages\/179"}],"collection":[{"href":"https:\/\/cab-ron.com\/en\/wp-json\/wp\/v2\/pages"}],"about":[{"href":"https:\/\/cab-ron.com\/en\/wp-json\/wp\/v2\/types\/page"}],"author":[{"embeddable":true,"href":"https:\/\/cab-ron.com\/en\/wp-json\/wp\/v2\/users\/1"}],"replies":[{"embeddable":true,"href":"https:\/\/cab-ron.com\/en\/wp-json\/wp\/v2\/comments?post=179"}],"version-history":[{"count":2,"href":"https:\/\/cab-ron.com\/en\/wp-json\/wp\/v2\/pages\/179\/revisions"}],"predecessor-version":[{"id":254,"href":"https:\/\/cab-ron.com\/en\/wp-json\/wp\/v2\/pages\/179\/revisions\/254"}],"wp:attachment":[{"href":"https:\/\/cab-ron.com\/en\/wp-json\/wp\/v2\/media?parent=179"}],"curies":[{"name":"wp","href":"https:\/\/api.w.org\/{rel}","templated":true}]}}